{"id":170,"date":"2025-09-25T13:38:42","date_gmt":"2025-09-25T16:38:42","guid":{"rendered":"https:\/\/alevara.site\/wp\/?page_id=170"},"modified":"2025-09-25T20:37:26","modified_gmt":"2025-09-25T23:37:26","slug":"bienvenidos","status":"publish","type":"page","link":"https:\/\/alevara.site\/wp\/","title":{"rendered":"BIENVENIDOS.!"},"content":{"rendered":"\n<p>Esta pagina fue puesta online solo para vender algunas cosas que ya no necesito. No es una tienda permanente, agotados los productos se dar\u00e1 de baja. Globalmente me concentre en dos categor\u00edas, Inform\u00e1tica e Insumos cnc, aunque tambi\u00e9n hay cosas de electr\u00f3nica.<\/p>\n\n\n\n<p><strong>TODOS LOS PRECIOS SON CONVERSABLES <\/strong>dentro del marco de propuestas coherentes.<\/p>\n\n\n\n<p>Algunos enlaces cortos:<\/p>\n\n\n<div style=\"display: flex; justify-content: center; align-items: center;\">\n<a href=\"https:\/\/alevara.site\/wp\/?product_cat=informatica\"><img decoding=\"async\" src=\"https:\/\/alevara.site\/wp\/wp-content\/uploads\/2025\/09\/alevara_informatica.png\" alt=\"INFORMATICA\"><\/a>\n<br>\n<a href=\"https:\/\/alevara.site\/wp\/?product_cat=cnc-insumos\"><img decoding=\"async\" src=\"https:\/\/alevara.site\/wp\/wp-content\/uploads\/2025\/09\/alevara_cnc.png\" alt=\"CNC INSUMOS\"><\/a>\n<\/div>\n\n\n<p>Los precios estan publicados en pesos con opcion de pasar a dolares, no pretendo que las operaciones se hagan por este medio pero esta la posibilidad, no obstante ello comunicarse por whatsapp.<\/p>\n\n\n<div style=\"display: flex; justify-content: center; align-items: right;\">\n<a class=\"btn-wsp\" href=\"https:\/\/wa.me\/+5492214635746?text=Hola%20%2C%20mensaje%20del%20sitio%20alevara.site\" target=\"_blank\" rel=\"noopener noreferrer\" aria-label=\"WhatsApp\">\n  <!-- Icono SVG -->\n  <svg width=\"20\" height=\"20\" viewBox=\"0 0 24 24\" aria-hidden=\"true\" focusable=\"false\">\n    <path fill=\"currentColor\" d=\"M20.52 3.48A11.86 11.86 0 0 0 12 0C5.37 0 .02 5.37.02 12c0 2.11.55 4.17 1.6 6L0 24l6.34-1.64A11.95 11.95 0 0 0 12 24c6.63 0 12-5.37 12-12 0-3.2-1.25-6.2-3.48-8.52zM12 21.5c-1.6 0-3.16-.43-4.52-1.24l-.32-.19-3.77.98.99-3.66-.21-.36A9.5 9.5 0 1 1 21.5 12 9.45 9.45 0 0 1 12 21.5zM17.03 14.36c-.25-.12-1.48-.73-1.71-.81-.23-.08-.4-.12-.57.12s-.65.81-.8.98c-.15.16-.3.18-.55.06a5.36 5.36 0 0 1-1.58-.98 5.67 5.67 0 0 1-1.04-1.29c-.11-.2 0-.31.09-.43.09-.11.23-.3.35-.45.12-.15.16-.25.24-.42.08-.16.04-.3-.02-.42-.06-.12-.57-1.38-.78-1.86-.2-.48-.4-.42-.58-.43l-.49-.01c-.16 0-.42.06-.64.25-.22.19-.84.82-.84 2 0 1.16.86 2.27.98 2.43.12.16 1.69 2.66 4.1 3.73 2.41 1.07 2.41.71 2.84.66.43-.05 1.4-.57 1.6-1.12.2-.54.2-1 .14-1.12-.06-.12-.23-.19-.48-.31z\"\/>\n  <\/svg>\n  <span>WhatsApp<\/span>\n<\/a>\n<\/div>","protected":false},"excerpt":{"rendered":"<p>Esta pagina fue puesta online solo para vender algunas cosas que ya no necesito. No es una tienda permanente, agotados los productos se dar\u00e1 de baja. Globalmente me concentre en dos categor\u00edas, Inform\u00e1tica e Insumos cnc, aunque tambi\u00e9n hay cosas de electr\u00f3nica. TODOS LOS PRECIOS SON CONVERSABLES dentro del marco de propuestas coherentes. Algunos enlaces [&hellip;]<\/p>\n","protected":false},"author":1,"featured_media":0,"parent":0,"menu_order":0,"comment_status":"closed","ping_status":"closed","template":"","meta":{"footnotes":""},"class_list":["post-170","page","type-page","status-publish","hentry"],"_links":{"self":[{"href":"https:\/\/alevara.site\/wp\/index.php?rest_route=\/wp\/v2\/pages\/170","targetHints":{"allow":["GET"]}}],"collection":[{"href":"https:\/\/alevara.site\/wp\/index.php?rest_route=\/wp\/v2\/pages"}],"about":[{"href":"https:\/\/alevara.site\/wp\/index.php?rest_route=\/wp\/v2\/types\/page"}],"author":[{"embeddable":true,"href":"https:\/\/alevara.site\/wp\/index.php?rest_route=\/wp\/v2\/users\/1"}],"replies":[{"embeddable":true,"href":"https:\/\/alevara.site\/wp\/index.php?rest_route=%2Fwp%2Fv2%2Fcomments&post=170"}],"version-history":[{"count":19,"href":"https:\/\/alevara.site\/wp\/index.php?rest_route=\/wp\/v2\/pages\/170\/revisions"}],"predecessor-version":[{"id":199,"href":"https:\/\/alevara.site\/wp\/index.php?rest_route=\/wp\/v2\/pages\/170\/revisions\/199"}],"wp:attachment":[{"href":"https:\/\/alevara.site\/wp\/index.php?rest_route=%2Fwp%2Fv2%2Fmedia&parent=170"}],"curies":[{"name":"wp","href":"https:\/\/api.w.org\/{rel}","templated":true}]}}