{"id":125,"date":"2025-09-25T10:31:46","date_gmt":"2025-09-25T13:31:46","guid":{"rendered":"https:\/\/alevara.site\/wp\/?post_type=product&#038;p=125"},"modified":"2025-09-25T10:40:19","modified_gmt":"2025-09-25T13:40:19","slug":"mach3-leveling-shifter","status":"publish","type":"product","link":"https:\/\/alevara.site\/wp\/?product=mach3-leveling-shifter","title":{"rendered":"Mach3 Leveling Shifter"},"content":{"rendered":"<p>Si usas un PC moderno (LPT 3.3V) con una BOB CNC antigua (5V), enfrentas estos riesgos operativos:<br \/>\n\u2022 Falsas paradas de emergencia (E-stop): El ruido el\u00e9ctrico hace que la m\u00e1quina se detenga sin raz\u00f3n, paralizando tu producci\u00f3n.<br \/>\n\u2022 Finales de carrera prematuros: Los sensores se activan antes de tiempo, arruinando piezas por imprecisi\u00f3n.<br \/>\n\u2022 Movimientos err\u00e1ticos en motores: Se\u00f1ales STEP\/DIR corruptas generan p\u00e9rdida de pasos o vibraciones.<br \/>\n\u2022 Fallo en paradas de emergencia: Cuando m\u00e1s lo necesitas, la m\u00e1quina ignora la se\u00f1al de STOP por umbrales mal interpretados.<\/p>\n<p>.- El precio de la plaquita es 25 usd.<\/p>\n<p>.- El stock es limitado.<\/p>\n<p>.- Las ventas se manejan por whatsapp.<\/p>\n<p>.- Env\u00edos a cargo del comprador.<\/p>\n<p>.- Se entrega tal cual se ve en las im\u00e1genes, con sus tornillos de sujeci\u00f3n (leer indicaciones)<\/p>\n","protected":false},"excerpt":{"rendered":"<p>Mach3 Leveling Shifter<\/p>\n","protected":false},"featured_media":115,"template":"","meta":[],"product_brand":[],"product_cat":[22,21],"product_tag":[],"class_list":{"0":"post-125","1":"product","2":"type-product","3":"status-publish","4":"has-post-thumbnail","6":"product_cat-cnc-insumos","7":"product_cat-electronica","9":"first","10":"instock","11":"sale","12":"shipping-taxable","13":"purchasable","14":"product-type-simple"},"_links":{"self":[{"href":"https:\/\/alevara.site\/wp\/index.php?rest_route=\/wp\/v2\/product\/125","targetHints":{"allow":["GET"]}}],"collection":[{"href":"https:\/\/alevara.site\/wp\/index.php?rest_route=\/wp\/v2\/product"}],"about":[{"href":"https:\/\/alevara.site\/wp\/index.php?rest_route=\/wp\/v2\/types\/product"}],"wp:featuredmedia":[{"embeddable":true,"href":"https:\/\/alevara.site\/wp\/index.php?rest_route=\/wp\/v2\/media\/115"}],"wp:attachment":[{"href":"https:\/\/alevara.site\/wp\/index.php?rest_route=%2Fwp%2Fv2%2Fmedia&parent=125"}],"wp:term":[{"taxonomy":"product_brand","embeddable":true,"href":"https:\/\/alevara.site\/wp\/index.php?rest_route=%2Fwp%2Fv2%2Fproduct_brand&post=125"},{"taxonomy":"product_cat","embeddable":true,"href":"https:\/\/alevara.site\/wp\/index.php?rest_route=%2Fwp%2Fv2%2Fproduct_cat&post=125"},{"taxonomy":"product_tag","embeddable":true,"href":"https:\/\/alevara.site\/wp\/index.php?rest_route=%2Fwp%2Fv2%2Fproduct_tag&post=125"}],"curies":[{"name":"wp","href":"https:\/\/api.w.org\/{rel}","templated":true}]}}