{"id":144,"date":"2025-09-25T12:11:31","date_gmt":"2025-09-25T15:11:31","guid":{"rendered":"https:\/\/alevara.site\/wp\/?post_type=product&#038;p=144"},"modified":"2025-10-01T17:11:06","modified_gmt":"2025-10-01T20:11:06","slug":"fuente-grande-10amp","status":"publish","type":"product","link":"https:\/\/alevara.site\/wp\/?product=fuente-grande-10amp","title":{"rendered":"EFORE SR 92E120"},"content":{"rendered":"<h2 style=\"text-align: center;\" data-start=\"229\" data-end=\"263\">LA PONGO POR PONERLA ES MUY ESPECIFICA Y MUY CARA<\/h2>\n<h4 style=\"text-align: center;\">PARA EL QUE LA NECESITA ESTA BARATA PARA EL QUE NO ESTA CARISIMA<\/h4>\n<p data-start=\"229\" data-end=\"263\">Especificaciones confirmadas<\/p>\n<div class=\"group _tableWrapper_1rjym_13 flex w-fit flex-col-reverse\" tabindex=\"-1\">\n<table class=\"w-fit min-w-(--thread-content-width)\" data-start=\"265\" data-end=\"1133\">\n<thead data-start=\"265\" data-end=\"294\">\n<tr data-start=\"265\" data-end=\"294\">\n<th data-start=\"265\" data-end=\"282\" data-col-size=\"sm\">Caracter\u00edstica<\/th>\n<th data-start=\"282\" data-end=\"294\" data-col-size=\"lg\">Detalles<\/th>\n<\/tr>\n<\/thead>\n<tbody data-start=\"325\" data-end=\"1133\">\n<tr data-start=\"325\" data-end=\"455\">\n<td data-start=\"325\" data-end=\"351\" data-col-size=\"sm\"><strong data-start=\"327\" data-end=\"350\">Nombre \/ Referencia<\/strong><\/td>\n<td data-start=\"351\" data-end=\"455\" data-col-size=\"lg\">EFORE SR 92E120, ABB DSQC627, n\u00famero de pieza 3HAC 020466-001.<\/td>\n<\/tr>\n<tr data-start=\"456\" data-end=\"558\">\n<td data-start=\"456\" data-end=\"467\" data-col-size=\"sm\"><strong data-start=\"458\" data-end=\"466\">Tipo<\/strong><\/td>\n<td data-start=\"467\" data-end=\"558\" data-col-size=\"lg\">Fuente de poder (power supply, AC-DC) industrial.<\/td>\n<\/tr>\n<tr data-start=\"559\" data-end=\"708\">\n<td data-start=\"559\" data-end=\"581\" data-col-size=\"sm\"><strong data-start=\"561\" data-end=\"580\">Entrada (Input)<\/strong><\/td>\n<td data-start=\"581\" data-end=\"708\" data-col-size=\"lg\">Aproximadamente <strong data-start=\"599\" data-end=\"620\">230 VAC, 50\/60 Hz<\/strong>, corriente de entrada ~ 3,5 A<\/td>\n<\/tr>\n<tr data-start=\"709\" data-end=\"840\">\n<td data-start=\"709\" data-end=\"731\" data-col-size=\"sm\"><strong data-start=\"711\" data-end=\"730\">Salida (Output)<\/strong><\/td>\n<td data-start=\"731\" data-end=\"840\" data-col-size=\"lg\">+24 V DC. Corriente nominal entre <strong data-start=\"767\" data-end=\"776\">5-9 A<\/strong> seg\u00fan carga y vendedor.<\/td>\n<\/tr>\n<tr data-start=\"841\" data-end=\"954\">\n<td data-start=\"841\" data-end=\"856\" data-col-size=\"sm\"><strong data-start=\"843\" data-end=\"855\">Potencia<\/strong><\/td>\n<td data-start=\"856\" data-end=\"954\" data-col-size=\"lg\">Alrededor de <strong data-start=\"871\" data-end=\"880\">460 W<\/strong> en condiciones normales de carga.<\/td>\n<\/tr>\n<tr data-start=\"955\" data-end=\"1133\">\n<td data-start=\"955\" data-end=\"968\" data-col-size=\"sm\"><strong data-start=\"957\" data-end=\"967\">Estado<\/strong><\/td>\n<td data-col-size=\"lg\" data-start=\"968\" data-end=\"1133\">Reacondicionado, del mercado de partes industriales sin garant\u00eda limitada. haga todas sus pruebas antes de llevar<\/td>\n<\/tr>\n<\/tbody>\n<\/table>\n<\/div>\n<hr data-start=\"1135\" data-end=\"1138\" \/>\n<p data-start=\"1140\" data-end=\"1166\">\ud83d\udd28 Aplicaciones t\u00edpicas<\/p>\n<ul data-start=\"1168\" data-end=\"1800\">\n<li data-start=\"1168\" data-end=\"1315\">\n<p data-start=\"1170\" data-end=\"1315\">Se usa en <strong data-start=\"1180\" data-end=\"1214\">sistemas de control industrial<\/strong>, especialmente en robots ABB (serie DSQC \/ IRC \/ S4C, etc.).<\/p>\n<\/li>\n<li data-start=\"1316\" data-end=\"1516\">\n<p data-start=\"1318\" data-end=\"1516\">Alimentaci\u00f3n de m\u00f3dulos de control, l\u00f3gica, servo drives o componentes que requieren 24 V DC estables y adecuado margen de corriente para operaci\u00f3n confiable.<\/p>\n<\/li>\n<li data-start=\"1517\" data-end=\"1800\">\n<p data-start=\"1519\" data-end=\"1800\">Ideal para entornos industriales donde se necesita robustez, redundancia .<\/p>\n<\/li>\n<\/ul>\n<hr data-start=\"1802\" data-end=\"1805\" \/>\n<p data-start=\"1807\" data-end=\"1854\">\ud83d\udcb0 Precios que se manejan en el mercado<\/p>\n<div class=\"group _tableWrapper_1rjym_13 flex w-fit flex-col-reverse\" tabindex=\"-1\">\n<table class=\"w-fit min-w-(--thread-content-width)\" data-start=\"1856\" data-end=\"2626\">\n<thead data-start=\"1856\" data-end=\"1919\">\n<tr data-start=\"1856\" data-end=\"1919\">\n<th data-start=\"1856\" data-end=\"1875\" data-col-size=\"sm\">Vendedor \/ Sitio<\/th>\n<th data-start=\"1875\" data-end=\"1898\" data-col-size=\"sm\">Condici\u00f3n del equipo<\/th>\n<th data-start=\"1898\" data-end=\"1919\" data-col-size=\"md\">Precio aproximado<\/th>\n<\/tr>\n<\/thead>\n<tbody data-start=\"1988\" data-end=\"2626\">\n<tr data-start=\"1988\" data-end=\"2138\">\n<td data-start=\"1988\" data-end=\"2012\" data-col-size=\"sm\">VitechParts (Holanda)<\/td>\n<td data-start=\"2012\" data-end=\"2038\" data-col-size=\"sm\">Usado \/ reacondicionado<\/td>\n<td data-start=\"2038\" data-end=\"2138\" data-col-size=\"md\">~ <strong data-start=\"2042\" data-end=\"2056\">\u20ac 1.143,45<\/strong> (~ US$ 1.100-1.200 dependiendo de cambio) <span class=\"\" data-state=\"closed\"><span class=\"ms-1 inline-flex max-w-full items-center relative top-[-0.094rem] animate-[show_150ms_ease-in]\" data-testid=\"webpage-citation-pill\"><a class=\"flex h-4.5 overflow-hidden rounded-xl px-2 text-[9px] font-medium transition-colors duration-150 ease-in-out text-token-text-secondary! bg-[#F4F4F4]! dark:bg-[#303030]!\" href=\"https:\/\/www.vitechparts.com\/efore-sr-92e120.html?utm_source=chatgpt.com\" target=\"_blank\" rel=\"noopener\"><span class=\"relative start-0 bottom-0 flex h-full w-full items-center\"><span class=\"flex h-4 w-full items-center justify-between overflow-hidden\"><span class=\"max-w-[15ch] grow truncate overflow-hidden text-center\">VitechParts<\/span><\/span><\/span><\/a><\/span><\/span><\/td>\n<\/tr>\n<tr data-start=\"2139\" data-end=\"2299\">\n<td data-start=\"2139\" data-end=\"2161\" data-col-size=\"sm\">CNC-Bote (Alemania)<\/td>\n<td data-start=\"2161\" data-end=\"2201\" data-col-size=\"sm\">Usado, con garant\u00eda de funcionamiento<\/td>\n<td data-start=\"2201\" data-end=\"2299\" data-col-size=\"md\">~ <strong data-start=\"2205\" data-end=\"2217\">\u20ac 742,80<\/strong> (~ US$ 800-900) excluyendo IVA y env\u00edo. <span class=\"\" data-state=\"closed\"><span class=\"ms-1 inline-flex max-w-full items-center relative top-[-0.094rem] animate-[show_150ms_ease-in]\" data-testid=\"webpage-citation-pill\"><a class=\"flex h-4.5 overflow-hidden rounded-xl px-2 text-[9px] font-medium transition-colors duration-150 ease-in-out text-token-text-secondary! bg-[#F4F4F4]! dark:bg-[#303030]!\" href=\"https:\/\/cncbote.de\/en\/product\/abb-dsqc627-3hac-020466-001-efore-sr-92e120-power-supply\/?utm_source=chatgpt.com\" target=\"_blank\" rel=\"noopener\"><span class=\"relative start-0 bottom-0 flex h-full w-full items-center\"><span class=\"flex h-4 w-full items-center justify-between\"><span class=\"max-w-[15ch] grow truncate overflow-hidden text-center\">CNC BOTE<\/span><span class=\"-me-1 flex h-full items-center rounded-full px-1 text-[#8F8F8F]\">+1<\/span><\/span><\/span><\/a><\/span><\/span><\/td>\n<\/tr>\n<tr data-start=\"2300\" data-end=\"2478\">\n<td data-start=\"2300\" data-end=\"2322\" data-col-size=\"sm\">WM Industrietechnik<\/td>\n<td data-start=\"2322\" data-end=\"2348\" data-col-size=\"sm\">Usado, stock industrial<\/td>\n<td data-start=\"2348\" data-end=\"2478\" data-col-size=\"md\">Exhibido, precio por consultar (\u201cPreis anfragen\u201d) pero ofrecido como unidad funcional. <span class=\"\" data-state=\"closed\"><span class=\"ms-1 inline-flex max-w-full items-center relative top-[-0.094rem] animate-[show_150ms_ease-in]\" data-testid=\"webpage-citation-pill\"><a class=\"flex h-4.5 overflow-hidden rounded-xl px-2 text-[9px] font-medium transition-colors duration-150 ease-in-out text-token-text-secondary! bg-[#F4F4F4]! dark:bg-[#303030]!\" href=\"https:\/\/www.wm-industrietechnik.de\/kategorien\/mess-steuerungs-regeltechnik-msr\/abb-efore-sr-92e120-power-supply-3hac020466-001-dsqc-627_57395_58370\/?utm_source=chatgpt.com\" target=\"_blank\" rel=\"noopener\"><span class=\"relative start-0 bottom-0 flex h-full w-full items-center\"><span class=\"flex h-4 w-full items-center justify-between overflow-hidden\"><span class=\"max-w-[15ch] grow truncate overflow-hidden text-center\">WM Industrietechnik<\/span><\/span><\/span><\/a><\/span><\/span><\/td>\n<\/tr>\n<tr data-start=\"2479\" data-end=\"2626\">\n<td data-start=\"2479\" data-end=\"2492\" data-col-size=\"sm\">SN-Indutec<\/td>\n<td data-start=\"2492\" data-end=\"2532\" data-col-size=\"sm\">Usado, de desmantelamiento industrial<\/td>\n<td data-start=\"2532\" data-end=\"2626\" data-col-size=\"md\">Listado para +24V, 5A, 460W. Precio bajo consulta. <span class=\"\" data-state=\"closed\"><span class=\"ms-1 inline-flex max-w-full items-center relative top-[-0.094rem] animate-[show_150ms_ease-in]\" data-testid=\"webpage-citation-pill\"><a class=\"flex h-4.5 overflow-hidden rounded-xl px-2 text-[9px] font-medium transition-colors duration-150 ease-in-out text-token-text-secondary! bg-[#F4F4F4]! dark:bg-[#303030]!\" href=\"https:\/\/www.sn-indutec.de\/Automatisierungs--und-Steuerungstechnik-Efore-SR-92E120-ABB-Robotics-3HAC-020466-001-DSQC-627-Out---24V-5A-max-460W.html?utm_source=chatgpt.com\" target=\"_blank\" rel=\"noopener\"><span class=\"relative start-0 bottom-0 flex h-full w-full items-center\"><span class=\"flex h-4 w-full items-center justify-between overflow-hidden\"><span class=\"max-w-[15ch] grow truncate overflow-hidden text-center\">Indutec<\/span><\/span><\/span><\/a><\/span><\/span><\/td>\n<\/tr>\n<\/tbody>\n<\/table>\n<\/div>\n<hr data-start=\"2628\" data-end=\"2631\" \/>\n<p data-start=\"3376\" data-end=\"3408\">La <strong data-start=\"3415\" data-end=\"3466\">EFORE SR 92E120 \/ ABB DSQC627 (3HAC 020466-001)<\/strong> es una fuente de alimentaci\u00f3n industrial AC-DC dise\u00f1ada para entornos de automatizaci\u00f3n y rob\u00f3tica. Opera con entrada de ~ 230 V AC a 50\/60 Hz, entrega una salida de 24 V DC con corriente entre 5-9 A, proporcionando hasta unos 460 W de potencia.<\/p>\n<p data-start=\"3412\" data-end=\"4102\">Pertenece a la l\u00ednea de repuestos usados o \u201csurplus\u201d de ABB\/EFORE, frecuentemente usada en robots ABB de control (series DSQC \/ S4C \/ IRC), en sistemas de control de f\u00e1brica, l\u00f3gica industrial, paneles de control, etc. Dado que est\u00e1 descontinuada, su costo refleja su rareza, funcionalidad probada, garant\u00eda ofrecida por distribuidores de partes industriales, transporte y aduanas.<\/p>\n<p>&nbsp;<\/p>\n","protected":false},"excerpt":{"rendered":"<p>Fuente 24V<\/p>\n","protected":false},"featured_media":320,"template":"","meta":[],"product_brand":[],"product_cat":[22,21],"product_tag":[],"class_list":{"0":"post-144","1":"product","2":"type-product","3":"status-publish","4":"has-post-thumbnail","6":"product_cat-cnc-insumos","7":"product_cat-electronica","9":"first","10":"instock","11":"sale","12":"shipping-taxable","13":"purchasable","14":"product-type-simple"},"_links":{"self":[{"href":"https:\/\/alevara.site\/wp\/index.php?rest_route=\/wp\/v2\/product\/144","targetHints":{"allow":["GET"]}}],"collection":[{"href":"https:\/\/alevara.site\/wp\/index.php?rest_route=\/wp\/v2\/product"}],"about":[{"href":"https:\/\/alevara.site\/wp\/index.php?rest_route=\/wp\/v2\/types\/product"}],"wp:featuredmedia":[{"embeddable":true,"href":"https:\/\/alevara.site\/wp\/index.php?rest_route=\/wp\/v2\/media\/320"}],"wp:attachment":[{"href":"https:\/\/alevara.site\/wp\/index.php?rest_route=%2Fwp%2Fv2%2Fmedia&parent=144"}],"wp:term":[{"taxonomy":"product_brand","embeddable":true,"href":"https:\/\/alevara.site\/wp\/index.php?rest_route=%2Fwp%2Fv2%2Fproduct_brand&post=144"},{"taxonomy":"product_cat","embeddable":true,"href":"https:\/\/alevara.site\/wp\/index.php?rest_route=%2Fwp%2Fv2%2Fproduct_cat&post=144"},{"taxonomy":"product_tag","embeddable":true,"href":"https:\/\/alevara.site\/wp\/index.php?rest_route=%2Fwp%2Fv2%2Fproduct_tag&post=144"}],"curies":[{"name":"wp","href":"https:\/\/api.w.org\/{rel}","templated":true}]}}