{"id":146,"date":"2025-09-25T12:15:20","date_gmt":"2025-09-25T15:15:20","guid":{"rendered":"https:\/\/alevara.site\/wp\/?post_type=product&#038;p=146"},"modified":"2025-09-25T12:17:08","modified_gmt":"2025-09-25T15:17:08","slug":"torch-height-controller","status":"publish","type":"product","link":"https:\/\/alevara.site\/wp\/?product=torch-height-controller","title":{"rendered":"Torch Height Controller"},"content":{"rendered":"<p data-start=\"550\" data-end=\"881\">El <strong data-start=\"579\" data-end=\"590\">THC<\/strong> es un controlador de altura de antorcha (Torch Height Controller) dise\u00f1ado para sistemas de corte plasma CNC. Su funci\u00f3n principal es mantener la distancia \u00f3ptima entre la antorcha y la superficie de la pieza, garantizando cortes uniformes, mayor calidad y durabilidad de los consumibles.<\/p>\n<p data-start=\"883\" data-end=\"916\"><strong data-start=\"883\" data-end=\"914\">Caracter\u00edsticas Principales<\/strong><\/p>\n<ul data-start=\"917\" data-end=\"1553\">\n<li data-start=\"917\" data-end=\"1000\">\n<p data-start=\"919\" data-end=\"1000\">\ud83d\udd27 <strong data-start=\"922\" data-end=\"950\">Compatibilidad universal<\/strong> con fuentes de plasma industriales y mesas CNC.<\/p>\n<\/li>\n<li data-start=\"1001\" data-end=\"1119\">\n<p data-start=\"1003\" data-end=\"1119\">\u26a1 <strong data-start=\"1005\" data-end=\"1037\">Medici\u00f3n por voltaje de arco<\/strong>: ajusta en tiempo real la altura de la antorcha seg\u00fan la variaci\u00f3n del voltaje.<\/p>\n<\/li>\n<li data-start=\"1120\" data-end=\"1248\">\n<p data-start=\"1122\" data-end=\"1248\">\ud83c\udf9b\ufe0f <strong data-start=\"1126\" data-end=\"1156\">Panel de control intuitivo<\/strong>: permite configurar par\u00e1metros de inicio, velocidad de reacci\u00f3n y voltajes de referencia.<\/p>\n<\/li>\n<li data-start=\"1249\" data-end=\"1369\">\n<p data-start=\"1251\" data-end=\"1369\">\ud83d\udee1\ufe0f <strong data-start=\"1255\" data-end=\"1284\">Protecci\u00f3n de consumibles<\/strong>: reduce el riesgo de colisiones y prolonga la vida \u00fatil de boquillas y electrodos.<\/p>\n<\/li>\n<li data-start=\"1370\" data-end=\"1455\">\n<p data-start=\"1372\" data-end=\"1455\">\u23f1\ufe0f <strong data-start=\"1375\" data-end=\"1395\">Respuesta r\u00e1pida<\/strong> para cortes en materiales delgados y espesores variables.<\/p>\n<\/li>\n<li data-start=\"1456\" data-end=\"1553\">\n<p data-start=\"1458\" data-end=\"1553\">\ud83d\udd0c <strong data-start=\"1461\" data-end=\"1482\">Conexi\u00f3n est\u00e1ndar<\/strong> a controladores CNC mediante se\u00f1ales de subida, bajada y activaci\u00f3n.<\/p>\n<\/li>\n<\/ul>\n","protected":false},"excerpt":{"rendered":"<p>Controlador de altura de antorcha<\/p>\n","protected":false},"featured_media":138,"template":"","meta":[],"product_brand":[],"product_cat":[22],"product_tag":[],"class_list":{"0":"post-146","1":"product","2":"type-product","3":"status-publish","4":"has-post-thumbnail","6":"product_cat-cnc-insumos","8":"first","9":"instock","10":"sale","11":"shipping-taxable","12":"purchasable","13":"product-type-simple"},"_links":{"self":[{"href":"https:\/\/alevara.site\/wp\/index.php?rest_route=\/wp\/v2\/product\/146","targetHints":{"allow":["GET"]}}],"collection":[{"href":"https:\/\/alevara.site\/wp\/index.php?rest_route=\/wp\/v2\/product"}],"about":[{"href":"https:\/\/alevara.site\/wp\/index.php?rest_route=\/wp\/v2\/types\/product"}],"wp:featuredmedia":[{"embeddable":true,"href":"https:\/\/alevara.site\/wp\/index.php?rest_route=\/wp\/v2\/media\/138"}],"wp:attachment":[{"href":"https:\/\/alevara.site\/wp\/index.php?rest_route=%2Fwp%2Fv2%2Fmedia&parent=146"}],"wp:term":[{"taxonomy":"product_brand","embeddable":true,"href":"https:\/\/alevara.site\/wp\/index.php?rest_route=%2Fwp%2Fv2%2Fproduct_brand&post=146"},{"taxonomy":"product_cat","embeddable":true,"href":"https:\/\/alevara.site\/wp\/index.php?rest_route=%2Fwp%2Fv2%2Fproduct_cat&post=146"},{"taxonomy":"product_tag","embeddable":true,"href":"https:\/\/alevara.site\/wp\/index.php?rest_route=%2Fwp%2Fv2%2Fproduct_tag&post=146"}],"curies":[{"name":"wp","href":"https:\/\/api.w.org\/{rel}","templated":true}]}}