{"id":201,"date":"2025-09-27T11:18:29","date_gmt":"2025-09-27T14:18:29","guid":{"rendered":"https:\/\/alevara.site\/wp\/?post_type=product&#038;p=201"},"modified":"2025-09-27T11:23:08","modified_gmt":"2025-09-27T14:23:08","slug":"mega-2560-ramps-1-4","status":"publish","type":"product","link":"https:\/\/alevara.site\/wp\/?product=mega-2560-ramps-1-4","title":{"rendered":"MEGA 2560 + RAMPS 1.4"},"content":{"rendered":"<p data-start=\"99\" data-end=\"180\">\ud83d\ude80 <strong data-start=\"102\" data-end=\"175\">KIT MEGA 2560 (Italiana) + RAMPS 1.4 \u2013 Impresoras 3D \/ CNC \/ Rob\u00f3tica<\/strong> \ud83d\ude80<\/p>\n<p data-start=\"182\" data-end=\"204\">\ud83d\udce6 El combo incluye:<\/p>\n<ul data-start=\"205\" data-end=\"454\">\n<li data-start=\"205\" data-end=\"339\">\n<p data-start=\"207\" data-end=\"339\">\ud83d\udd39 <strong data-start=\"210\" data-end=\"249\">Arduino Mega 2560 original italiana<\/strong> \u2013 mayor estabilidad, soldaduras de calidad y vida \u00fatil m\u00e1s larga que las copias chinas.<\/p>\n<\/li>\n<li data-start=\"340\" data-end=\"454\">\n<p data-start=\"342\" data-end=\"454\">\ud83d\udd39 <strong data-start=\"345\" data-end=\"365\">Shield RAMPS 1.4<\/strong> \u2013 placa de control est\u00e1ndar en impresoras 3D tipo Prusa, Mendel, Kossel y compatibles.<\/p>\n<\/li>\n<\/ul>\n<p data-start=\"456\" data-end=\"864\">\u2728 <strong data-start=\"458\" data-end=\"490\">Caracter\u00edsticas principales:<\/strong><br data-start=\"490\" data-end=\"493\" \/>\u2714\ufe0f Compatible con drivers A4988 \/ DRV8825 (no incluidos).<br data-start=\"550\" data-end=\"553\" \/>\u2714\ufe0f Listo para usar con firmwares Marlin, Repetier, Sprinter y derivados.<br data-start=\"625\" data-end=\"628\" \/>\u2714\ufe0f Permite controlar hasta 5 motores paso a paso (X, Y, Z doble y extrusor).<br data-start=\"704\" data-end=\"707\" \/>\u2714\ufe0f Conexiones para finales de carrera, ventiladores, hotend y cama caliente.<br data-start=\"783\" data-end=\"786\" \/>\u2714\ufe0f Ideal para proyectos de impresi\u00f3n 3D, CNC, rob\u00f3tica o automatizaci\u00f3n DIY.<\/p>\n<p data-start=\"866\" data-end=\"884\">\ud83d\udd25 <strong data-start=\"869\" data-end=\"882\">Ventajas:<\/strong><\/p>\n<ul data-start=\"885\" data-end=\"1167\">\n<li data-start=\"885\" data-end=\"955\">\n<p data-start=\"887\" data-end=\"955\">Mayor durabilidad y confiabilidad gracias a la Mega 2560 italiana.<\/p>\n<\/li>\n<li data-start=\"956\" data-end=\"1105\">\n<p data-start=\"958\" data-end=\"1105\">Flexibilidad total: sirve para impresoras 3D, grabadores l\u00e1ser, fresadoras CNC o cualquier desarrollo que requiera control de motores y sensores.<\/p>\n<\/li>\n<li data-start=\"1106\" data-end=\"1167\">\n<p data-start=\"1108\" data-end=\"1167\">Kit probado y funcionando, listo para empezar a trabajar.<\/p>\n<\/li>\n<\/ul>\n","protected":false},"excerpt":{"rendered":"<p>Kit Mega 2560 + ramps 1.4<\/p>\n","protected":false},"featured_media":203,"template":"","meta":[],"product_brand":[],"product_cat":[22,21],"product_tag":[],"class_list":{"0":"post-201","1":"product","2":"type-product","3":"status-publish","4":"has-post-thumbnail","6":"product_cat-cnc-insumos","7":"product_cat-electronica","9":"first","10":"instock","11":"sale","12":"shipping-taxable","13":"purchasable","14":"product-type-simple"},"_links":{"self":[{"href":"https:\/\/alevara.site\/wp\/index.php?rest_route=\/wp\/v2\/product\/201","targetHints":{"allow":["GET"]}}],"collection":[{"href":"https:\/\/alevara.site\/wp\/index.php?rest_route=\/wp\/v2\/product"}],"about":[{"href":"https:\/\/alevara.site\/wp\/index.php?rest_route=\/wp\/v2\/types\/product"}],"wp:featuredmedia":[{"embeddable":true,"href":"https:\/\/alevara.site\/wp\/index.php?rest_route=\/wp\/v2\/media\/203"}],"wp:attachment":[{"href":"https:\/\/alevara.site\/wp\/index.php?rest_route=%2Fwp%2Fv2%2Fmedia&parent=201"}],"wp:term":[{"taxonomy":"product_brand","embeddable":true,"href":"https:\/\/alevara.site\/wp\/index.php?rest_route=%2Fwp%2Fv2%2Fproduct_brand&post=201"},{"taxonomy":"product_cat","embeddable":true,"href":"https:\/\/alevara.site\/wp\/index.php?rest_route=%2Fwp%2Fv2%2Fproduct_cat&post=201"},{"taxonomy":"product_tag","embeddable":true,"href":"https:\/\/alevara.site\/wp\/index.php?rest_route=%2Fwp%2Fv2%2Fproduct_tag&post=201"}],"curies":[{"name":"wp","href":"https:\/\/api.w.org\/{rel}","templated":true}]}}