{"id":213,"date":"2025-09-27T11:31:05","date_gmt":"2025-09-27T14:31:05","guid":{"rendered":"https:\/\/alevara.site\/wp\/?post_type=product&#038;p=213"},"modified":"2025-09-27T11:31:06","modified_gmt":"2025-09-27T14:31:06","slug":"arduno-uno-cnc-shield","status":"publish","type":"product","link":"https:\/\/alevara.site\/wp\/?product=arduno-uno-cnc-shield","title":{"rendered":"Arduno uno + cnc shield"},"content":{"rendered":"<p data-start=\"541\" data-end=\"615\">\ud83d\udd27 <strong data-start=\"544\" data-end=\"610\">KIT de control CNC \u2013 Arduino UNO + CNC Shield V3 (sin drivers)<\/strong> \ud83d\udd27<\/p>\n<p data-start=\"617\" data-end=\"637\">\ud83d\udce6 El kit incluye:<\/p>\n<ul data-start=\"638\" data-end=\"783\">\n<li data-start=\"638\" data-end=\"691\">\n<p data-start=\"640\" data-end=\"691\"><strong data-start=\"640\" data-end=\"658\">Arduino UNO R3<\/strong> \u2013 microcontrolador ATmega328p.<\/p>\n<\/li>\n<li data-start=\"692\" data-end=\"783\">\n<p data-start=\"694\" data-end=\"783\"><strong data-start=\"694\" data-end=\"711\">CNC Shield V3<\/strong> \u2013 expansi\u00f3n para hasta 4 drivers de motor paso a paso (no incluidos).<\/p>\n<\/li>\n<\/ul>\n<p data-start=\"785\" data-end=\"1128\">\u2728 <strong data-start=\"787\" data-end=\"819\">Caracter\u00edsticas principales:<\/strong><br data-start=\"819\" data-end=\"822\" \/>\u2714\ufe0f Compatible con firmware <strong data-start=\"849\" data-end=\"857\">GRBL<\/strong> (muy usado en CNC y l\u00e1ser).<br data-start=\"885\" data-end=\"888\" \/>\u2714\ufe0f Soporta hasta <strong data-start=\"905\" data-end=\"928\">4 ejes (X, Y, Z, A)<\/strong>.<br data-start=\"929\" data-end=\"932\" \/>\u2714\ufe0f Pines para finales de carrera y control de spindle\/l\u00e1ser.<br data-start=\"992\" data-end=\"995\" \/>\u2714\ufe0f Alimentaci\u00f3n independiente para motores (12\u201336 V).<br data-start=\"1048\" data-end=\"1051\" \/>\u2714\ufe0f Compatible con drivers <strong data-start=\"1077\" data-end=\"1100\">A4988, DRV8825, TMC<\/strong> (se venden por separado).<\/p>\n<p data-start=\"1130\" data-end=\"1148\">\ud83d\udd25 <strong data-start=\"1133\" data-end=\"1146\">Ventajas:<\/strong><\/p>\n<ul data-start=\"1149\" data-end=\"1316\">\n<li data-start=\"1149\" data-end=\"1227\">\n<p data-start=\"1151\" data-end=\"1227\">Soluci\u00f3n econ\u00f3mica y confiable para armar tu CNC, router o grabador l\u00e1ser.<\/p>\n<\/li>\n<li data-start=\"1228\" data-end=\"1265\">\n<p data-start=\"1230\" data-end=\"1265\">Simple de programar y configurar.<\/p>\n<\/li>\n<li data-start=\"1266\" data-end=\"1316\">\n<p data-start=\"1268\" data-end=\"1316\">Hardware abierto, enorme comunidad de soporte.<\/p>\n<\/li>\n<\/ul>\n","protected":false},"excerpt":{"rendered":"<p>\ud83d\udd27 KIT de control CNC \u2013 Arduino UNO + CNC Shield V3 (sin drivers) \ud83d\udd27 \ud83d\udce6 El kit incluye: Arduino UNO R3 \u2013 microcontrolador ATmega328p. CNC Shield V3 \u2013 expansi\u00f3n para hasta 4 drivers de motor paso a paso (no incluidos). \u2728 Caracter\u00edsticas principales:\u2714\ufe0f Compatible con firmware GRBL (muy usado en CNC y l\u00e1ser).\u2714\ufe0f Soporta [&hellip;]<\/p>\n","protected":false},"featured_media":216,"template":"","meta":[],"product_brand":[],"product_cat":[22,21],"product_tag":[],"class_list":{"0":"post-213","1":"product","2":"type-product","3":"status-publish","4":"has-post-thumbnail","6":"product_cat-cnc-insumos","7":"product_cat-electronica","9":"first","10":"instock","11":"sale","12":"shipping-taxable","13":"purchasable","14":"product-type-simple"},"_links":{"self":[{"href":"https:\/\/alevara.site\/wp\/index.php?rest_route=\/wp\/v2\/product\/213","targetHints":{"allow":["GET"]}}],"collection":[{"href":"https:\/\/alevara.site\/wp\/index.php?rest_route=\/wp\/v2\/product"}],"about":[{"href":"https:\/\/alevara.site\/wp\/index.php?rest_route=\/wp\/v2\/types\/product"}],"wp:featuredmedia":[{"embeddable":true,"href":"https:\/\/alevara.site\/wp\/index.php?rest_route=\/wp\/v2\/media\/216"}],"wp:attachment":[{"href":"https:\/\/alevara.site\/wp\/index.php?rest_route=%2Fwp%2Fv2%2Fmedia&parent=213"}],"wp:term":[{"taxonomy":"product_brand","embeddable":true,"href":"https:\/\/alevara.site\/wp\/index.php?rest_route=%2Fwp%2Fv2%2Fproduct_brand&post=213"},{"taxonomy":"product_cat","embeddable":true,"href":"https:\/\/alevara.site\/wp\/index.php?rest_route=%2Fwp%2Fv2%2Fproduct_cat&post=213"},{"taxonomy":"product_tag","embeddable":true,"href":"https:\/\/alevara.site\/wp\/index.php?rest_route=%2Fwp%2Fv2%2Fproduct_tag&post=213"}],"curies":[{"name":"wp","href":"https:\/\/api.w.org\/{rel}","templated":true}]}}