{"id":225,"date":"2025-09-28T09:48:13","date_gmt":"2025-09-28T12:48:13","guid":{"rendered":"https:\/\/alevara.site\/wp\/?post_type=product&#038;p=225"},"modified":"2025-09-28T09:48:13","modified_gmt":"2025-09-28T12:48:13","slug":"modulo-gps-posicion-satelital-51-stm32-neo-m8n-neo-m8n","status":"publish","type":"product","link":"https:\/\/alevara.site\/wp\/?product=modulo-gps-posicion-satelital-51-stm32-neo-m8n-neo-m8n","title":{"rendered":"Modulo Gps Posicion Sat\u00e9lital 51 Stm32 Neo-m8n Neo M8n"},"content":{"rendered":"<p data-start=\"576\" data-end=\"670\">\ud83d\udef0\ufe0f <strong data-start=\"580\" data-end=\"664\">M\u00f3dulo GPS Neo-M8N \u2013 Ublox \/ STM32 \u2013 Posicionamiento Satelital de Alta Precisi\u00f3n<\/strong> \ud83d\udef0\ufe0f<\/p>\n<p data-start=\"672\" data-end=\"685\">\ud83d\udce6 Incluye:<\/p>\n<ul data-start=\"686\" data-end=\"781\">\n<li data-start=\"686\" data-end=\"718\">\n<p data-start=\"688\" data-end=\"718\">M\u00f3dulo GPS <strong data-start=\"699\" data-end=\"716\">Ublox Neo-M8N<\/strong><\/p>\n<\/li>\n<li data-start=\"719\" data-end=\"757\">\n<p data-start=\"721\" data-end=\"757\">Antena activa de alta sensibilidad<\/p>\n<\/li>\n<li data-start=\"758\" data-end=\"781\">\n<p data-start=\"760\" data-end=\"781\">Conector UART \/ I2C<\/p>\n<\/li>\n<\/ul>\n<p data-start=\"783\" data-end=\"816\">\u2728 <strong data-start=\"785\" data-end=\"814\">Caracter\u00edsticas t\u00e9cnicas:<\/strong><\/p>\n<ul data-start=\"817\" data-end=\"1154\">\n<li data-start=\"817\" data-end=\"846\">\n<p data-start=\"819\" data-end=\"846\">Chipset <strong data-start=\"827\" data-end=\"844\">Ublox Neo-M8N<\/strong><\/p>\n<\/li>\n<li data-start=\"847\" data-end=\"908\">\n<p data-start=\"849\" data-end=\"908\">Tiempo de adquisici\u00f3n r\u00e1pido (TTFF &lt; 1s en reacquisici\u00f3n)<\/p>\n<\/li>\n<li data-start=\"909\" data-end=\"962\">\n<p data-start=\"911\" data-end=\"962\">Compatible con <strong data-start=\"926\" data-end=\"960\">GPS, GLONASS, Galileo y BeiDou<\/strong><\/p>\n<\/li>\n<li data-start=\"963\" data-end=\"998\">\n<p data-start=\"965\" data-end=\"998\">Alta sensibilidad: <strong data-start=\"984\" data-end=\"996\">-167 dBm<\/strong><\/p>\n<\/li>\n<li data-start=\"999\" data-end=\"1029\">\n<p data-start=\"1001\" data-end=\"1029\">Interfaces: <strong data-start=\"1013\" data-end=\"1027\">UART \/ I2C<\/strong><\/p>\n<\/li>\n<li data-start=\"1030\" data-end=\"1069\">\n<p data-start=\"1032\" data-end=\"1069\">Voltaje de operaci\u00f3n: <strong data-start=\"1054\" data-end=\"1067\">3.3 \u2013 5 V<\/strong><\/p>\n<\/li>\n<li data-start=\"1070\" data-end=\"1154\">\n<p data-start=\"1072\" data-end=\"1154\">Ideal para integraci\u00f3n con <strong data-start=\"1099\" data-end=\"1152\">STM32, Arduino, APM, Pixhawk, OpenPilot, MultiWii<\/strong><\/p>\n<\/li>\n<\/ul>\n<p data-start=\"1156\" data-end=\"1328\">\ud83d\udd25 <strong data-start=\"1159\" data-end=\"1176\">Aplicaciones:<\/strong><br data-start=\"1176\" data-end=\"1179\" \/>\u2714\ufe0f Controladoras de vuelo para drones<br data-start=\"1216\" data-end=\"1219\" \/>\u2714\ufe0f Veh\u00edculos aut\u00f3nomos \/ rob\u00f3tica m\u00f3vil<br data-start=\"1258\" data-end=\"1261\" \/>\u2714\ufe0f Seguimiento y telemetr\u00eda<br data-start=\"1288\" data-end=\"1291\" \/>\u2714\ufe0f Proyectos DIY de geolocalizaci\u00f3n<\/p>\n","protected":false},"excerpt":{"rendered":"<p><strong data-start=\"580\" data-end=\"664\">M\u00f3dulo GPS Neo-M8N \u2013 Ublox<\/strong><\/p>\n","protected":false},"featured_media":227,"template":"","meta":[],"product_brand":[],"product_cat":[16],"product_tag":[],"class_list":{"0":"post-225","1":"product","2":"type-product","3":"status-publish","4":"has-post-thumbnail","6":"product_cat-uncategorized","8":"first","9":"instock","10":"sale","11":"shipping-taxable","12":"purchasable","13":"product-type-simple"},"_links":{"self":[{"href":"https:\/\/alevara.site\/wp\/index.php?rest_route=\/wp\/v2\/product\/225","targetHints":{"allow":["GET"]}}],"collection":[{"href":"https:\/\/alevara.site\/wp\/index.php?rest_route=\/wp\/v2\/product"}],"about":[{"href":"https:\/\/alevara.site\/wp\/index.php?rest_route=\/wp\/v2\/types\/product"}],"wp:featuredmedia":[{"embeddable":true,"href":"https:\/\/alevara.site\/wp\/index.php?rest_route=\/wp\/v2\/media\/227"}],"wp:attachment":[{"href":"https:\/\/alevara.site\/wp\/index.php?rest_route=%2Fwp%2Fv2%2Fmedia&parent=225"}],"wp:term":[{"taxonomy":"product_brand","embeddable":true,"href":"https:\/\/alevara.site\/wp\/index.php?rest_route=%2Fwp%2Fv2%2Fproduct_brand&post=225"},{"taxonomy":"product_cat","embeddable":true,"href":"https:\/\/alevara.site\/wp\/index.php?rest_route=%2Fwp%2Fv2%2Fproduct_cat&post=225"},{"taxonomy":"product_tag","embeddable":true,"href":"https:\/\/alevara.site\/wp\/index.php?rest_route=%2Fwp%2Fv2%2Fproduct_tag&post=225"}],"curies":[{"name":"wp","href":"https:\/\/api.w.org\/{rel}","templated":true}]}}