{"id":243,"date":"2025-09-28T10:17:58","date_gmt":"2025-09-28T13:17:58","guid":{"rendered":"https:\/\/alevara.site\/wp\/?post_type=product&#038;p=243"},"modified":"2025-09-29T11:43:39","modified_gmt":"2025-09-29T14:43:39","slug":"243","status":"publish","type":"product","link":"https:\/\/alevara.site\/wp\/?product=243","title":{"rendered":"Articulos Varios 2"},"content":{"rendered":"<div><\/div>\n<div>\ud83d\udd39 HC-05:<\/div>\n<div>\u2022Es un HC-05 o HC-06 (seg\u00fan firmware, f\u00edsicamente son casi id\u00e9nticos).<\/div>\n<div>\u2022Es un m\u00f3dulo Bluetooth cl\u00e1sico (2.0 SPP) muy usado para comunicar Arduino y otros microcontroladores con el celular o la PC por puerto serie.<\/div>\n<div>\u2022Voltaje de operaci\u00f3n: 3.3 V en la l\u00f3gica (algunos tienen regulador para 5 V).<\/div>\n<div><\/div>\n<div>\ud83d\udd39 nRF24L01:<\/div>\n<div>\u2022Es un nRF24L01+.<\/div>\n<div>\u2022M\u00f3dulo de radiofrecuencia de 2.4 GHz fabricado por Nordic Semiconductor.<\/div>\n<div>\u2022Se usa mucho en proyectos Arduino para comunicaci\u00f3n inal\u00e1mbrica punto a punto o en redes tipo mesh.<\/div>\n<div>\u2022Comunicaci\u00f3n SPI, alcance t\u00edpico 100 m (m\u00e1s con antena externa).<\/div>\n<div><\/div>\n<div>\ud83d\udd39 ESP8266:<\/div>\n<div>\u2022Es un ESP8266 ESP-12E\/F (modelo grabado: ESP8266MOD).<\/div>\n<div>\u2022M\u00f3dulo WiFi muy popular, con microcontrolador integrado (Tensilica LX106).<\/div>\n<div>\u2022Soporta programaci\u00f3n directa (con el IDE de Arduino, Micropython, etc.) o se usa como m\u00f3dem WiFi AT junto con otro microcontrolador.<\/div>\n<div><\/div>\n<div>\ud83d\udc49 Resumen r\u00e1pido:<\/div>\n<div>\u2022HC-05\/06 \u2192 Bluetooth<\/div>\n<div>\u2022nRF24L01+ \u2192 Radiofrecuencia 2.4 GHz (SPI)<\/div>\n<div>\u2022ESP8266 (ESP-12) \u2192 WiFi con microcontrolador integrado<\/div>\n","protected":false},"excerpt":{"rendered":"<p>\ud83d\udd39 HC-05: \u2022Es un HC-05 o HC-06 (seg\u00fan firmware, f\u00edsicamente son casi id\u00e9nticos). \u2022Es un m\u00f3dulo Bluetooth cl\u00e1sico (2.0 SPP) muy usado para comunicar Arduino y otros microcontroladores con el celular o la PC por puerto serie. \u2022Voltaje de operaci\u00f3n: 3.3 V en la l\u00f3gica (algunos tienen regulador para 5 V). \ud83d\udd39 nRF24L01: \u2022Es un [&hellip;]<\/p>\n","protected":false},"featured_media":246,"template":"","meta":[],"product_brand":[],"product_cat":[21],"product_tag":[],"class_list":{"0":"post-243","1":"product","2":"type-product","3":"status-publish","4":"has-post-thumbnail","6":"product_cat-electronica","8":"first","9":"instock","10":"sale","11":"shipping-taxable","12":"purchasable","13":"product-type-simple"},"_links":{"self":[{"href":"https:\/\/alevara.site\/wp\/index.php?rest_route=\/wp\/v2\/product\/243","targetHints":{"allow":["GET"]}}],"collection":[{"href":"https:\/\/alevara.site\/wp\/index.php?rest_route=\/wp\/v2\/product"}],"about":[{"href":"https:\/\/alevara.site\/wp\/index.php?rest_route=\/wp\/v2\/types\/product"}],"wp:featuredmedia":[{"embeddable":true,"href":"https:\/\/alevara.site\/wp\/index.php?rest_route=\/wp\/v2\/media\/246"}],"wp:attachment":[{"href":"https:\/\/alevara.site\/wp\/index.php?rest_route=%2Fwp%2Fv2%2Fmedia&parent=243"}],"wp:term":[{"taxonomy":"product_brand","embeddable":true,"href":"https:\/\/alevara.site\/wp\/index.php?rest_route=%2Fwp%2Fv2%2Fproduct_brand&post=243"},{"taxonomy":"product_cat","embeddable":true,"href":"https:\/\/alevara.site\/wp\/index.php?rest_route=%2Fwp%2Fv2%2Fproduct_cat&post=243"},{"taxonomy":"product_tag","embeddable":true,"href":"https:\/\/alevara.site\/wp\/index.php?rest_route=%2Fwp%2Fv2%2Fproduct_tag&post=243"}],"curies":[{"name":"wp","href":"https:\/\/api.w.org\/{rel}","templated":true}]}}