{"id":247,"date":"2025-09-29T09:04:11","date_gmt":"2025-09-29T12:04:11","guid":{"rendered":"https:\/\/alevara.site\/wp\/?post_type=product&#038;p=247"},"modified":"2025-09-29T09:09:57","modified_gmt":"2025-09-29T12:09:57","slug":"247","status":"publish","type":"product","link":"https:\/\/alevara.site\/wp\/?product=247","title":{"rendered":"Celda Peltier TEC1-12706 \u2013 60W 12V"},"content":{"rendered":"<h3 data-start=\"113\" data-end=\"156\">Celda Peltier TEC1-12706 \u2013 60W 12V<\/h3>\n<p data-start=\"157\" data-end=\"278\">Ideal para proyectos de refrigeraci\u00f3n electr\u00f3nica, experimentos de termoel\u00e9ctrica y sistemas de control de temperatura.<\/p>\n<p data-start=\"280\" data-end=\"610\">\u2705 Modelo est\u00e1ndar TEC1-12706<br data-start=\"308\" data-end=\"311\" \/>\u2705 Potencia de enfriamiento: hasta 60W<br data-start=\"348\" data-end=\"351\" \/>\u2705 Voltaje de trabajo recomendado: 12V CC (m\u00e1x. 16V)<br data-start=\"402\" data-end=\"405\" \/>\u2705 Consumo: hasta 6A<br data-start=\"424\" data-end=\"427\" \/>\u2705 Diferencia de temperatura: hasta 66 \u00b0C entre caras<br data-start=\"479\" data-end=\"482\" \/>\u2705 Tama\u00f1o: 40 \u00d7 40 \u00d7 3,8 mm<br data-start=\"508\" data-end=\"511\" \/>\u2705 Silenciosa, sin partes m\u00f3viles<br data-start=\"543\" data-end=\"546\" \/>\u2705 Polaridad reversible (invert\u00eds fr\u00edo\/calor seg\u00fan la conexi\u00f3n)<\/p>\n<p data-start=\"612\" data-end=\"634\">\ud83d\udccc <strong data-start=\"615\" data-end=\"632\">Aplicaciones:<\/strong><\/p>\n<ul data-start=\"635\" data-end=\"834\">\n<li data-start=\"635\" data-end=\"684\">\n<p data-start=\"637\" data-end=\"684\">Refrigeraci\u00f3n de m\u00f3dulos electr\u00f3nicos y chips<\/p>\n<\/li>\n<li data-start=\"685\" data-end=\"729\">\n<p data-start=\"687\" data-end=\"729\">Peque\u00f1os sistemas de enfriamiento casero<\/p>\n<\/li>\n<li data-start=\"730\" data-end=\"774\">\n<p data-start=\"732\" data-end=\"774\">Experimentos did\u00e1cticos y de laboratorio<\/p>\n<\/li>\n<li data-start=\"775\" data-end=\"834\">\n<p data-start=\"777\" data-end=\"834\">Mini refrigeradores, deshumidificadores y proyectos DIY<\/p>\n<\/li>\n<\/ul>\n<p data-start=\"836\" data-end=\"946\">\u26a0\ufe0f Requiere disipador de calor con ventilador en la cara caliente para un funcionamiento seguro y eficiente.<\/p>\n","protected":false},"excerpt":{"rendered":"<h3 data-start=\"113\" data-end=\"156\">Celda Peltier TEC1-12706 \u2013 60W 12V<\/h3>\n","protected":false},"featured_media":248,"template":"","meta":[],"product_brand":[],"product_cat":[21],"product_tag":[],"class_list":{"0":"post-247","1":"product","2":"type-product","3":"status-publish","4":"has-post-thumbnail","6":"product_cat-electronica","8":"first","9":"instock","10":"sale","11":"shipping-taxable","12":"purchasable","13":"product-type-simple"},"_links":{"self":[{"href":"https:\/\/alevara.site\/wp\/index.php?rest_route=\/wp\/v2\/product\/247","targetHints":{"allow":["GET"]}}],"collection":[{"href":"https:\/\/alevara.site\/wp\/index.php?rest_route=\/wp\/v2\/product"}],"about":[{"href":"https:\/\/alevara.site\/wp\/index.php?rest_route=\/wp\/v2\/types\/product"}],"wp:featuredmedia":[{"embeddable":true,"href":"https:\/\/alevara.site\/wp\/index.php?rest_route=\/wp\/v2\/media\/248"}],"wp:attachment":[{"href":"https:\/\/alevara.site\/wp\/index.php?rest_route=%2Fwp%2Fv2%2Fmedia&parent=247"}],"wp:term":[{"taxonomy":"product_brand","embeddable":true,"href":"https:\/\/alevara.site\/wp\/index.php?rest_route=%2Fwp%2Fv2%2Fproduct_brand&post=247"},{"taxonomy":"product_cat","embeddable":true,"href":"https:\/\/alevara.site\/wp\/index.php?rest_route=%2Fwp%2Fv2%2Fproduct_cat&post=247"},{"taxonomy":"product_tag","embeddable":true,"href":"https:\/\/alevara.site\/wp\/index.php?rest_route=%2Fwp%2Fv2%2Fproduct_tag&post=247"}],"curies":[{"name":"wp","href":"https:\/\/api.w.org\/{rel}","templated":true}]}}