{"id":253,"date":"2025-09-29T09:09:11","date_gmt":"2025-09-29T12:09:11","guid":{"rendered":"https:\/\/alevara.site\/wp\/?post_type=product&#038;p=253"},"modified":"2025-09-29T09:09:12","modified_gmt":"2025-09-29T12:09:12","slug":"delay-relay-xy-j02","status":"publish","type":"product","link":"https:\/\/alevara.site\/wp\/?product=delay-relay-xy-j02","title":{"rendered":"Delay Relay Xy-j02"},"content":{"rendered":"<h3 data-start=\"82\" data-end=\"135\">Delay Relay XY-J02 \u2013 Rel\u00e9 de retardo ajustable<\/h3>\n<p data-start=\"137\" data-end=\"644\">\u2705 Modelo: <strong data-start=\"147\" data-end=\"157\">XY-J02<\/strong><br data-start=\"157\" data-end=\"160\" \/>\u2705 Tipo: rel\u00e9 temporizador digital con retardo ajustable<br data-start=\"215\" data-end=\"218\" \/>\u2705 Nivel de control: permite activar\/desactivar una carga despu\u00e9s de un tiempo programado<br data-start=\"306\" data-end=\"309\" \/>\u2705 Ajustes t\u00edpicos: tiempo de retardo configurable (segundos, minutos)<br data-start=\"378\" data-end=\"381\" \/>\u2705 Voltaje de operaci\u00f3n: compatible con circuitos de control (puede variar seg\u00fan variante)<br data-start=\"470\" data-end=\"473\" \/>\u2705 Salida de rel\u00e9: contacto seco (normalmente abierto \/ normalmente cerrado)<br data-start=\"548\" data-end=\"551\" \/>\u2705 Protecci\u00f3n: m\u00f3dulos suelen tener aislamiento interno, carcasa pl\u00e1stica para manejo seguro<\/p>\n<h3 data-start=\"651\" data-end=\"678\">\ud83d\udccc Aplicaciones comunes<\/h3>\n<ul data-start=\"680\" data-end=\"902\">\n<li data-start=\"680\" data-end=\"723\">\n<p data-start=\"682\" data-end=\"723\">Automatismos dom\u00e9sticos (luces, bombas)<\/p>\n<\/li>\n<li data-start=\"724\" data-end=\"749\">\n<p data-start=\"726\" data-end=\"749\">Sistemas de seguridad<\/p>\n<\/li>\n<li data-start=\"750\" data-end=\"799\">\n<p data-start=\"752\" data-end=\"799\">Control de motores o ventiladores con retardo<\/p>\n<\/li>\n<li data-start=\"800\" data-end=\"849\">\n<p data-start=\"802\" data-end=\"849\">Proyectos de electr\u00f3nica y automatizaci\u00f3n DIY<\/p>\n<\/li>\n<li data-start=\"850\" data-end=\"902\">\n<p data-start=\"852\" data-end=\"902\">Aplicaciones en automatizaci\u00f3n industrial ligera<\/p>\n<\/li>\n<\/ul>\n","protected":false},"excerpt":{"rendered":"<p>Delay Relay XY-J02 \u2013 Rel\u00e9 de retardo ajustable \u2705 Modelo: XY-J02\u2705 Tipo: rel\u00e9 temporizador digital con retardo ajustable\u2705 Nivel de control: permite activar\/desactivar una carga despu\u00e9s de un tiempo programado\u2705 Ajustes t\u00edpicos: tiempo de retardo configurable (segundos, minutos)\u2705 Voltaje de operaci\u00f3n: compatible con circuitos de control (puede variar seg\u00fan variante)\u2705 Salida de rel\u00e9: contacto seco [&hellip;]<\/p>\n","protected":false},"featured_media":257,"template":"","meta":[],"product_brand":[],"product_cat":[21],"product_tag":[],"class_list":{"0":"post-253","1":"product","2":"type-product","3":"status-publish","4":"has-post-thumbnail","6":"product_cat-electronica","8":"first","9":"instock","10":"sale","11":"shipping-taxable","12":"purchasable","13":"product-type-simple"},"_links":{"self":[{"href":"https:\/\/alevara.site\/wp\/index.php?rest_route=\/wp\/v2\/product\/253","targetHints":{"allow":["GET"]}}],"collection":[{"href":"https:\/\/alevara.site\/wp\/index.php?rest_route=\/wp\/v2\/product"}],"about":[{"href":"https:\/\/alevara.site\/wp\/index.php?rest_route=\/wp\/v2\/types\/product"}],"wp:featuredmedia":[{"embeddable":true,"href":"https:\/\/alevara.site\/wp\/index.php?rest_route=\/wp\/v2\/media\/257"}],"wp:attachment":[{"href":"https:\/\/alevara.site\/wp\/index.php?rest_route=%2Fwp%2Fv2%2Fmedia&parent=253"}],"wp:term":[{"taxonomy":"product_brand","embeddable":true,"href":"https:\/\/alevara.site\/wp\/index.php?rest_route=%2Fwp%2Fv2%2Fproduct_brand&post=253"},{"taxonomy":"product_cat","embeddable":true,"href":"https:\/\/alevara.site\/wp\/index.php?rest_route=%2Fwp%2Fv2%2Fproduct_cat&post=253"},{"taxonomy":"product_tag","embeddable":true,"href":"https:\/\/alevara.site\/wp\/index.php?rest_route=%2Fwp%2Fv2%2Fproduct_tag&post=253"}],"curies":[{"name":"wp","href":"https:\/\/api.w.org\/{rel}","templated":true}]}}