{"id":259,"date":"2025-09-29T09:15:29","date_gmt":"2025-09-29T12:15:29","guid":{"rendered":"https:\/\/alevara.site\/wp\/?post_type=product&#038;p=259"},"modified":"2025-09-29T09:17:04","modified_gmt":"2025-09-29T12:17:04","slug":"termostato-digital-hemmel-programable","status":"publish","type":"product","link":"https:\/\/alevara.site\/wp\/?product=termostato-digital-hemmel-programable","title":{"rendered":"Termostato Digital Hemmel Programable"},"content":{"rendered":"<p>Caracter\u00edsticas principales<\/p>\n<p>Alimentaci\u00f3n: 12V DC ardobot.co+2<\/p>\n<p>Rango de control de temperatura: \u221250 \u00b0C hasta +110 \u00b0C<\/p>\n<p>Resoluci\u00f3n: 0,1 \u00b0C entre \u22129.9 y 99.9 \u00b0C; fuera de ese rango baja a 1 \u00b0C<\/p>\n<p>Precisi\u00f3n de medici\u00f3n: \u00b10,1 \u00b0C<\/p>\n<p>Tiempo de actualizaci\u00f3n de la lectura: ~ 0,5 segundos<\/p>\n<p>Salida: rel\u00e9 simple (on\/off) para encender\/apagar carga<\/p>\n<p>Corriente nominal del rel\u00e9: t\u00edpicamente 10A para AC o DC, dependiendo del modelo<\/p>\n<p>Sensor de temperatura: NTC 10K \u03a9 \u00b10.5%<\/p>\n<p>Indicador de estado del rel\u00e9 con LED y display de 7 segmentos<\/p>\n<p>\ud83d\udd27 Funciones configurables (men\u00fa P0-P6)<\/p>\n<p>P0: modo funcionamiento \u2212 calefacci\u00f3n (H) o refrigeraci\u00f3n<\/p>\n<p>P1: hist\u00e9resis, cu\u00e1nto var\u00eda la temperatura antes de reactivar el rel\u00e9<\/p>\n<p>P2: l\u00edmite superior de temperatura ajustable<\/p>\n<p>P3: l\u00edmite inferior de temperatura ajustable<\/p>\n<p>P4: calibraci\u00f3n del sensor<\/p>\n<p>P5: retardo de encendido\/apagado (delay)<\/p>\n<p>P6: alarma de alta temperatura cuando se sobrepasa el umbral definido<\/p>\n<p>\ud83d\udccc Aplicaciones ideales<\/p>\n<p>Incubadoras<\/p>\n<p>Invernaderos y cultivos<\/p>\n<p>Acuarios<\/p>\n<p>Sistemas de refrigeraci\u00f3n \/ calefacci\u00f3n DIY<\/p>\n<p>Control t\u00e9rmico para alimentos, laboratorios, cervecer\u00edas caseras<\/p>\n","protected":false},"excerpt":{"rendered":"<p class=\"ui-pdp-title\">Termostato Digital Hemmel Programable W1209 Dc Con Display Para Control De Temperatura Con Sonda Ip67 Sensor Ntc<\/p>\n","protected":false},"featured_media":263,"template":"","meta":[],"product_brand":[],"product_cat":[21],"product_tag":[],"class_list":{"0":"post-259","1":"product","2":"type-product","3":"status-publish","4":"has-post-thumbnail","6":"product_cat-electronica","8":"first","9":"instock","10":"sale","11":"shipping-taxable","12":"purchasable","13":"product-type-simple"},"_links":{"self":[{"href":"https:\/\/alevara.site\/wp\/index.php?rest_route=\/wp\/v2\/product\/259","targetHints":{"allow":["GET"]}}],"collection":[{"href":"https:\/\/alevara.site\/wp\/index.php?rest_route=\/wp\/v2\/product"}],"about":[{"href":"https:\/\/alevara.site\/wp\/index.php?rest_route=\/wp\/v2\/types\/product"}],"wp:featuredmedia":[{"embeddable":true,"href":"https:\/\/alevara.site\/wp\/index.php?rest_route=\/wp\/v2\/media\/263"}],"wp:attachment":[{"href":"https:\/\/alevara.site\/wp\/index.php?rest_route=%2Fwp%2Fv2%2Fmedia&parent=259"}],"wp:term":[{"taxonomy":"product_brand","embeddable":true,"href":"https:\/\/alevara.site\/wp\/index.php?rest_route=%2Fwp%2Fv2%2Fproduct_brand&post=259"},{"taxonomy":"product_cat","embeddable":true,"href":"https:\/\/alevara.site\/wp\/index.php?rest_route=%2Fwp%2Fv2%2Fproduct_cat&post=259"},{"taxonomy":"product_tag","embeddable":true,"href":"https:\/\/alevara.site\/wp\/index.php?rest_route=%2Fwp%2Fv2%2Fproduct_tag&post=259"}],"curies":[{"name":"wp","href":"https:\/\/api.w.org\/{rel}","templated":true}]}}