{"id":279,"date":"2025-09-29T09:52:18","date_gmt":"2025-09-29T12:52:18","guid":{"rendered":"https:\/\/alevara.site\/wp\/?post_type=product&#038;p=279"},"modified":"2025-09-29T09:58:09","modified_gmt":"2025-09-29T12:58:09","slug":"kit-refrigeracion","status":"publish","type":"product","link":"https:\/\/alevara.site\/wp\/?product=kit-refrigeracion","title":{"rendered":"kit refrigeracion"},"content":{"rendered":"<p data-start=\"159\" data-end=\"248\"><strong data-start=\"159\" data-end=\"246\">Kit de Refrigeraci\u00f3n Completo \u2013 Radiador + Water Block + Disipador + Celdas Peltier + termostato digital<\/strong><\/p>\n<p data-start=\"250\" data-end=\"444\">Arm\u00e1 tu propio sistema de refrigeraci\u00f3n l\u00edquida o una <strong data-start=\"304\" data-end=\"335\">heladera el\u00e9ctrica port\u00e1til<\/strong> con este kit de componentes dise\u00f1ado para m\u00e1xima eficiencia en proyectos DIY, electr\u00f3nicos e industriales.<\/p>\n<p data-start=\"446\" data-end=\"462\">\u2705 <strong data-start=\"448\" data-end=\"460\">Incluye:<\/strong><\/p>\n<ul data-start=\"463\" data-end=\"695\">\n<li data-start=\"463\" data-end=\"518\">\n<p data-start=\"465\" data-end=\"518\"><strong data-start=\"465\" data-end=\"490\">Radiador 120 x 240 mm<\/strong> para disipaci\u00f3n eficiente<\/p>\n<\/li>\n<li data-start=\"519\" data-end=\"586\">\n<p data-start=\"521\" data-end=\"586\"><strong data-start=\"521\" data-end=\"548\">Water Block 40 x 240 mm<\/strong> de aluminio con picos para manguera<\/p>\n<\/li>\n<li data-start=\"587\" data-end=\"651\">\n<p data-start=\"589\" data-end=\"651\"><strong data-start=\"589\" data-end=\"628\">Disipador industrial 9 x 20 x 10 cm<\/strong> de aluminio extruido<\/p>\n<\/li>\n<li data-start=\"652\" data-end=\"695\">\n<p data-start=\"654\" data-end=\"695\"><strong data-start=\"654\" data-end=\"676\">Celdas Peltier TEC<\/strong> de alta potencia<\/p>\n<\/li>\n<\/ul>\n<p data-start=\"697\" data-end=\"732\">\ud83d\udc49 <strong data-start=\"700\" data-end=\"730\">Aplicaciones recomendadas:<\/strong><\/p>\n<ul data-start=\"733\" data-end=\"966\">\n<li data-start=\"733\" data-end=\"781\">\n<p data-start=\"735\" data-end=\"781\">Heladeras port\u00e1tiles y mini freezers caseros<\/p>\n<\/li>\n<li data-start=\"782\" data-end=\"847\">\n<p data-start=\"784\" data-end=\"847\">Sistemas de refrigeraci\u00f3n l\u00edquida para proyectos electr\u00f3nicos<\/p>\n<\/li>\n<li data-start=\"848\" data-end=\"905\">\n<p data-start=\"850\" data-end=\"905\">Enfriadores de l\u00edquidos y experimentos de laboratorio<\/p>\n<\/li>\n<li data-start=\"906\" data-end=\"966\">\n<p data-start=\"908\" data-end=\"966\">Proyectos de refrigeraci\u00f3n DIY para makers y entusiastas<\/p>\n<\/li>\n<\/ul>\n<p data-start=\"968\" data-end=\"1096\">Con este kit ten\u00e9s todos los componentes esenciales para desarrollar un sistema compacto, potente y vers\u00e1til de refrigeraci\u00f3n.<\/p>\n","protected":false},"excerpt":{"rendered":"<p>kit refrigeracion.<\/p>\n","protected":false},"featured_media":267,"template":"","meta":[],"product_brand":[],"product_cat":[21,20],"product_tag":[],"class_list":{"0":"post-279","1":"product","2":"type-product","3":"status-publish","4":"has-post-thumbnail","6":"product_cat-electronica","7":"product_cat-informatica","9":"first","10":"instock","11":"sale","12":"shipping-taxable","13":"product-type-grouped"},"_links":{"self":[{"href":"https:\/\/alevara.site\/wp\/index.php?rest_route=\/wp\/v2\/product\/279","targetHints":{"allow":["GET"]}}],"collection":[{"href":"https:\/\/alevara.site\/wp\/index.php?rest_route=\/wp\/v2\/product"}],"about":[{"href":"https:\/\/alevara.site\/wp\/index.php?rest_route=\/wp\/v2\/types\/product"}],"wp:featuredmedia":[{"embeddable":true,"href":"https:\/\/alevara.site\/wp\/index.php?rest_route=\/wp\/v2\/media\/267"}],"wp:attachment":[{"href":"https:\/\/alevara.site\/wp\/index.php?rest_route=%2Fwp%2Fv2%2Fmedia&parent=279"}],"wp:term":[{"taxonomy":"product_brand","embeddable":true,"href":"https:\/\/alevara.site\/wp\/index.php?rest_route=%2Fwp%2Fv2%2Fproduct_brand&post=279"},{"taxonomy":"product_cat","embeddable":true,"href":"https:\/\/alevara.site\/wp\/index.php?rest_route=%2Fwp%2Fv2%2Fproduct_cat&post=279"},{"taxonomy":"product_tag","embeddable":true,"href":"https:\/\/alevara.site\/wp\/index.php?rest_route=%2Fwp%2Fv2%2Fproduct_tag&post=279"}],"curies":[{"name":"wp","href":"https:\/\/api.w.org\/{rel}","templated":true}]}}