{"id":283,"date":"2025-09-29T11:04:26","date_gmt":"2025-09-29T14:04:26","guid":{"rendered":"https:\/\/alevara.site\/wp\/?post_type=product&#038;p=283"},"modified":"2025-09-29T11:07:53","modified_gmt":"2025-09-29T14:07:53","slug":"kit-espejos-telescopio-newtoniano","status":"publish","type":"product","link":"https:\/\/alevara.site\/wp\/?product=kit-espejos-telescopio-newtoniano","title":{"rendered":"Kit espejos Telescopio Newtoniano"},"content":{"rendered":"<p>kit espejos primario y secundario.<br \/>\nF-1050<\/p>\n<p>Ambos Re aluminizados y pulidos a cero por &#8220;ingenier\u00eda \u00f3ptica&#8221; en 2019, ya no lo hac\u00edan pero me lo tomaron y dejaron nuevo. Desde entonces guardado en una franela ambos.<\/p>\n<p>di\u00e1metro: 140mm<\/p>\n<p>DF: 1050 o 1080 , el espejo dice 1050, y en un papel que me adjuntaron figura 1080, habr\u00eda que corroborarlo.<\/p>\n","protected":false},"excerpt":{"rendered":"<p>kit espejos newtonianos<\/p>\n","protected":false},"featured_media":284,"template":"","meta":[],"product_brand":[],"product_cat":[21],"product_tag":[],"class_list":{"0":"post-283","1":"product","2":"type-product","3":"status-publish","4":"has-post-thumbnail","6":"product_cat-electronica","8":"first","9":"instock","10":"shipping-taxable","11":"purchasable","12":"product-type-simple"},"_links":{"self":[{"href":"https:\/\/alevara.site\/wp\/index.php?rest_route=\/wp\/v2\/product\/283","targetHints":{"allow":["GET"]}}],"collection":[{"href":"https:\/\/alevara.site\/wp\/index.php?rest_route=\/wp\/v2\/product"}],"about":[{"href":"https:\/\/alevara.site\/wp\/index.php?rest_route=\/wp\/v2\/types\/product"}],"wp:featuredmedia":[{"embeddable":true,"href":"https:\/\/alevara.site\/wp\/index.php?rest_route=\/wp\/v2\/media\/284"}],"wp:attachment":[{"href":"https:\/\/alevara.site\/wp\/index.php?rest_route=%2Fwp%2Fv2%2Fmedia&parent=283"}],"wp:term":[{"taxonomy":"product_brand","embeddable":true,"href":"https:\/\/alevara.site\/wp\/index.php?rest_route=%2Fwp%2Fv2%2Fproduct_brand&post=283"},{"taxonomy":"product_cat","embeddable":true,"href":"https:\/\/alevara.site\/wp\/index.php?rest_route=%2Fwp%2Fv2%2Fproduct_cat&post=283"},{"taxonomy":"product_tag","embeddable":true,"href":"https:\/\/alevara.site\/wp\/index.php?rest_route=%2Fwp%2Fv2%2Fproduct_tag&post=283"}],"curies":[{"name":"wp","href":"https:\/\/api.w.org\/{rel}","templated":true}]}}