{"id":289,"date":"2025-09-29T11:10:47","date_gmt":"2025-09-29T14:10:47","guid":{"rendered":"https:\/\/alevara.site\/wp\/?post_type=product&#038;p=289"},"modified":"2025-09-29T11:10:47","modified_gmt":"2025-09-29T14:10:47","slug":"ocular-plossl-30-mm","status":"publish","type":"product","link":"https:\/\/alevara.site\/wp\/?product=ocular-plossl-30-mm","title":{"rendered":"OCULAR PLOSSL 30 MM"},"content":{"rendered":"<p>CARACTER\u00cdSTICAS<\/p>\n<p>OCULAR PLOSSL 30 MM<br \/>\n\u2022 Distancia focal: 30 mm<br \/>\n\u2022 Di\u00e1metro: 1,25 &#8221; \/ 31,7 mm<br \/>\n\u2022 Alto: 72 mm<br \/>\n\u2022 Peso: 70 g<br \/>\n\u2022 Viene con un estuche resistente que protege el ocular del polvo y la humedad<br \/>\n\u2022 Su larga distancia focal permite hacer observaciones de campo amplio sobre todo en objetos de cielo profundo los cuales son extensos, para que entren en el campo del telescopio, ejemplo c\u00famulos abiertos.<br \/>\n\u2022 Por su sencilla configuraci\u00f3n y su bajo peso son aptos par el uso en cualquier tipo de telescopios, sobre todo en distancias focales largas, a su vez tambi\u00e9n puede ser utilizado como complemento en astrofotograf\u00eda ya que por el reducido tama\u00f1o del cuerpo en si, permite ser colocado dentro de adaptadores que pudiendo obtener mayor cantidad de aumento del sistema \u00f3ptico, al ser usado en forma de proyecci\u00f3n directa, que si fuera sin el ocular con la c\u00e1mara adosada directamente al telescopio a foco primario.<br \/>\nPodes entrar a nuestro Link directo en donde encortaras mas productos<\/p>\n","protected":false},"excerpt":{"rendered":"<p>OCULAR PLOSSL 30 MM<\/p>\n","protected":false},"featured_media":290,"template":"","meta":[],"product_brand":[],"product_cat":[21,20],"product_tag":[],"class_list":{"0":"post-289","1":"product","2":"type-product","3":"status-publish","4":"has-post-thumbnail","6":"product_cat-electronica","7":"product_cat-informatica","9":"first","10":"instock","11":"sale","12":"shipping-taxable","13":"purchasable","14":"product-type-simple"},"_links":{"self":[{"href":"https:\/\/alevara.site\/wp\/index.php?rest_route=\/wp\/v2\/product\/289","targetHints":{"allow":["GET"]}}],"collection":[{"href":"https:\/\/alevara.site\/wp\/index.php?rest_route=\/wp\/v2\/product"}],"about":[{"href":"https:\/\/alevara.site\/wp\/index.php?rest_route=\/wp\/v2\/types\/product"}],"wp:featuredmedia":[{"embeddable":true,"href":"https:\/\/alevara.site\/wp\/index.php?rest_route=\/wp\/v2\/media\/290"}],"wp:attachment":[{"href":"https:\/\/alevara.site\/wp\/index.php?rest_route=%2Fwp%2Fv2%2Fmedia&parent=289"}],"wp:term":[{"taxonomy":"product_brand","embeddable":true,"href":"https:\/\/alevara.site\/wp\/index.php?rest_route=%2Fwp%2Fv2%2Fproduct_brand&post=289"},{"taxonomy":"product_cat","embeddable":true,"href":"https:\/\/alevara.site\/wp\/index.php?rest_route=%2Fwp%2Fv2%2Fproduct_cat&post=289"},{"taxonomy":"product_tag","embeddable":true,"href":"https:\/\/alevara.site\/wp\/index.php?rest_route=%2Fwp%2Fv2%2Fproduct_tag&post=289"}],"curies":[{"name":"wp","href":"https:\/\/api.w.org\/{rel}","templated":true}]}}