{"id":330,"date":"2025-10-04T13:16:34","date_gmt":"2025-10-04T16:16:34","guid":{"rendered":"https:\/\/alevara.site\/wp\/?post_type=product&#038;p=330"},"modified":"2025-10-04T14:15:46","modified_gmt":"2025-10-04T17:15:46","slug":"hp-proliant-dl140-g3-con-ryzen-32gbram","status":"publish","type":"product","link":"https:\/\/alevara.site\/wp\/?product=hp-proliant-dl140-g3-con-ryzen-32gbram","title":{"rendered":"HP PROLIANT DL140 G3 CON RYZEN + 32GBRAM"},"content":{"rendered":"<p>Se trata de un servidor proliant DL 140 G3 pero en su interior se le instalo un motherboard con un ryzen 5 + 32 gb ram.<\/p>\n<p>Se utilizo la misma fuente HP, Los mismos coolers HP, el mismo Back Plane HP, conectores encendido etc &#8230;<br \/>\nes un HP con alma Ryzen.<\/p>\n<p>&nbsp;<\/p>\n<p>OJO no es un server, no cuenta con ILO, IDARC, etc &#8230; es una adaptacion hecha de un pc de escritorio en un gabinete de server.<br \/>\nSi bien cuenta con &#8220;el hardware resistente de un server&#8221; no lo es.<\/p>\n<p>&nbsp;<\/p>\n<ul>\n<li>Nombre del dispositivo PCALE<\/li>\n<li>Procesador AMD Ryzen 5 PRO 4650G with Radeon Graphics (3.70 GHz)<\/li>\n<li>RAM instalada 32,0 GB (27,9 GB usable)<\/li>\n<li>Identificador de dispositivo 72CBC0EC-3FEA-449B-A513-64CD026BE770<\/li>\n<li>Id. del producto 00331-10000-00001-AA742<\/li>\n<li>Tipo de sistema Sistema operativo de 64 bits, procesador basado en x64<\/li>\n<li>L\u00e1piz y entrada t\u00e1ctil La entrada t\u00e1ctil o manuscrita no est\u00e1 disponible para esta pantalla<\/li>\n<\/ul>\n","protected":false},"excerpt":{"rendered":"<p>HP PROLIANT DL140 G3 CON RYZEN + 32GBRAM<\/p>\n","protected":false},"featured_media":332,"template":"","meta":[],"product_brand":[],"product_cat":[20],"product_tag":[],"class_list":{"0":"post-330","1":"product","2":"type-product","3":"status-publish","4":"has-post-thumbnail","6":"product_cat-informatica","8":"first","9":"instock","10":"sale","11":"shipping-taxable","12":"purchasable","13":"product-type-simple"},"_links":{"self":[{"href":"https:\/\/alevara.site\/wp\/index.php?rest_route=\/wp\/v2\/product\/330","targetHints":{"allow":["GET"]}}],"collection":[{"href":"https:\/\/alevara.site\/wp\/index.php?rest_route=\/wp\/v2\/product"}],"about":[{"href":"https:\/\/alevara.site\/wp\/index.php?rest_route=\/wp\/v2\/types\/product"}],"wp:featuredmedia":[{"embeddable":true,"href":"https:\/\/alevara.site\/wp\/index.php?rest_route=\/wp\/v2\/media\/332"}],"wp:attachment":[{"href":"https:\/\/alevara.site\/wp\/index.php?rest_route=%2Fwp%2Fv2%2Fmedia&parent=330"}],"wp:term":[{"taxonomy":"product_brand","embeddable":true,"href":"https:\/\/alevara.site\/wp\/index.php?rest_route=%2Fwp%2Fv2%2Fproduct_brand&post=330"},{"taxonomy":"product_cat","embeddable":true,"href":"https:\/\/alevara.site\/wp\/index.php?rest_route=%2Fwp%2Fv2%2Fproduct_cat&post=330"},{"taxonomy":"product_tag","embeddable":true,"href":"https:\/\/alevara.site\/wp\/index.php?rest_route=%2Fwp%2Fv2%2Fproduct_tag&post=330"}],"curies":[{"name":"wp","href":"https:\/\/api.w.org\/{rel}","templated":true}]}}