{"id":345,"date":"2025-11-07T18:35:07","date_gmt":"2025-11-07T21:35:07","guid":{"rendered":"https:\/\/alevara.site\/wp\/?post_type=product&#038;p=345"},"modified":"2025-11-07T18:35:07","modified_gmt":"2025-11-07T21:35:07","slug":"colaboracion-mantenimiento","status":"publish","type":"product","link":"https:\/\/alevara.site\/wp\/?product=colaboracion-mantenimiento","title":{"rendered":"Colaboracion Mantenimiento"},"content":{"rendered":"<h2>Colabora con ALEVARA.SITE \u2615<\/h2>\n<p class=\"infogroup\" align=\"justify\">Si te gusta nuestro servicio y quer\u00e9s ayudarnos a mantener la nube funcionando sin dramas, pod\u00e9s invitarnos un caf\u00e9. Cada cafecito nos ayuda a mantener los servidores encendidos, la nube segura y las actualizaciones al d\u00eda.<br \/>\n<b>\u00a1Tu apoyo nos alegra el d\u00eda!<\/b><\/p>\n","protected":false},"excerpt":{"rendered":"<p>Colabora con ALEVARA.SITE \u2615 Si te gusta nuestro servicio y quer\u00e9s ayudarnos a mantener la nube funcionando sin dramas, pod\u00e9s invitarnos un caf\u00e9. Cada cafecito nos ayuda a mantener los servidores encendidos, la nube segura y las actualizaciones al d\u00eda. \u00a1Tu apoyo nos alegra el d\u00eda!<\/p>\n","protected":false},"featured_media":346,"template":"","meta":[],"product_brand":[],"product_cat":[16],"product_tag":[],"class_list":{"0":"post-345","1":"product","2":"type-product","3":"status-publish","4":"has-post-thumbnail","6":"product_cat-uncategorized","8":"first","9":"instock","10":"shipping-taxable","11":"purchasable","12":"product-type-simple"},"_links":{"self":[{"href":"https:\/\/alevara.site\/wp\/index.php?rest_route=\/wp\/v2\/product\/345","targetHints":{"allow":["GET"]}}],"collection":[{"href":"https:\/\/alevara.site\/wp\/index.php?rest_route=\/wp\/v2\/product"}],"about":[{"href":"https:\/\/alevara.site\/wp\/index.php?rest_route=\/wp\/v2\/types\/product"}],"wp:featuredmedia":[{"embeddable":true,"href":"https:\/\/alevara.site\/wp\/index.php?rest_route=\/wp\/v2\/media\/346"}],"wp:attachment":[{"href":"https:\/\/alevara.site\/wp\/index.php?rest_route=%2Fwp%2Fv2%2Fmedia&parent=345"}],"wp:term":[{"taxonomy":"product_brand","embeddable":true,"href":"https:\/\/alevara.site\/wp\/index.php?rest_route=%2Fwp%2Fv2%2Fproduct_brand&post=345"},{"taxonomy":"product_cat","embeddable":true,"href":"https:\/\/alevara.site\/wp\/index.php?rest_route=%2Fwp%2Fv2%2Fproduct_cat&post=345"},{"taxonomy":"product_tag","embeddable":true,"href":"https:\/\/alevara.site\/wp\/index.php?rest_route=%2Fwp%2Fv2%2Fproduct_tag&post=345"}],"curies":[{"name":"wp","href":"https:\/\/api.w.org\/{rel}","templated":true}]}}