{"id":76,"date":"2025-09-24T18:39:55","date_gmt":"2025-09-24T21:39:55","guid":{"rendered":"https:\/\/alevara.site\/wp\/?post_type=product&#038;p=76"},"modified":"2025-09-24T19:25:40","modified_gmt":"2025-09-24T22:25:40","slug":"tapa-ciega-bahia-dell-poweredge-1950","status":"publish","type":"product","link":"https:\/\/alevara.site\/wp\/?product=tapa-ciega-bahia-dell-poweredge-1950","title":{"rendered":"TAPA CIEGA BAHIA DELL POWEREDGE 1950"},"content":{"rendered":"<p data-start=\"1144\" data-end=\"1186\"><strong data-start=\"1144\" data-end=\"1184\">TAPA CIEGA BAHIA DELL POWEREDGE 1950<\/strong><\/p>\n<ul data-start=\"1190\" data-end=\"1320\">\n<li data-start=\"1190\" data-end=\"1320\">\n<p data-start=\"1192\" data-end=\"1320\">Tapa ciega para bah\u00eda de disco de <strong data-start=\"1226\" data-end=\"1249\">Dell PowerEdge 1950<\/strong>. Mantiene la est\u00e9tica, flujo de aire y evita polvo en bah\u00edas vac\u00edas<\/p>\n<\/li>\n<\/ul>\n","protected":false},"excerpt":{"rendered":"<p><strong data-start=\"1144\" data-end=\"1184\">TAPA CIEGA BAHIA DELL POWEREDGE 1950<\/strong><\/p>\n","protected":false},"featured_media":69,"template":"","meta":[],"product_brand":[],"product_cat":[20],"product_tag":[],"class_list":{"0":"post-76","1":"product","2":"type-product","3":"status-publish","4":"has-post-thumbnail","6":"product_cat-informatica","8":"first","9":"instock","10":"sale","11":"shipping-taxable","12":"purchasable","13":"product-type-simple"},"_links":{"self":[{"href":"https:\/\/alevara.site\/wp\/index.php?rest_route=\/wp\/v2\/product\/76","targetHints":{"allow":["GET"]}}],"collection":[{"href":"https:\/\/alevara.site\/wp\/index.php?rest_route=\/wp\/v2\/product"}],"about":[{"href":"https:\/\/alevara.site\/wp\/index.php?rest_route=\/wp\/v2\/types\/product"}],"wp:featuredmedia":[{"embeddable":true,"href":"https:\/\/alevara.site\/wp\/index.php?rest_route=\/wp\/v2\/media\/69"}],"wp:attachment":[{"href":"https:\/\/alevara.site\/wp\/index.php?rest_route=%2Fwp%2Fv2%2Fmedia&parent=76"}],"wp:term":[{"taxonomy":"product_brand","embeddable":true,"href":"https:\/\/alevara.site\/wp\/index.php?rest_route=%2Fwp%2Fv2%2Fproduct_brand&post=76"},{"taxonomy":"product_cat","embeddable":true,"href":"https:\/\/alevara.site\/wp\/index.php?rest_route=%2Fwp%2Fv2%2Fproduct_cat&post=76"},{"taxonomy":"product_tag","embeddable":true,"href":"https:\/\/alevara.site\/wp\/index.php?rest_route=%2Fwp%2Fv2%2Fproduct_tag&post=76"}],"curies":[{"name":"wp","href":"https:\/\/api.w.org\/{rel}","templated":true}]}}